{"id":195,"date":"2014-11-10T17:06:44","date_gmt":"2014-11-10T16:06:44","guid":{"rendered":"http:\/\/www.officineforasacco.com\/produzieren\/sfaldatore-trituratore-grinder-tl\/"},"modified":"2019-03-04T10:17:09","modified_gmt":"2019-03-04T09:17:09","slug":"sfaldatore-trituratore-grinder-tl","status":"publish","type":"page","link":"https:\/\/www.officineforasacco.com\/de\/produzieren\/sfaldatore-trituratore-grinder-tl\/","title":{"rendered":"Ballenaufl\u00f6sern grinder tl"},"content":{"rendered":"<p>Konzipiert f\u00fcr das <strong>Zerkleiner<\/strong>n von gebundenen Heu- und Strohballen. Der Grinder TL <strong>zerschredder<\/strong>t, <strong>mahlt<\/strong> und <strong>schneidet<\/strong> Rund- oder Quaderballen und bietet eine kompakte und \u00e4u\u00dferst flexible L\u00f6sung f\u00fcr landwirtschaftliche Betriebe, die eine Reduzierung der Betriebskosten anstreben. Der Grinder TL ist <strong>einfach zu handhaben, kompakt<\/strong> und an alle Teleskopfahrzeuge <strong>adaptierbar<\/strong>.<\/p>\n<p><strong>GRINDER TL VORTEILE:<\/strong><\/p>\n<ul>\n<li>Qualitativ hochwertig und zuverl\u00e4ssig<\/li>\n<li>Vielseitig einsetzbar<\/li>\n<li>Spart Zeit- und Arbeitsaufwand<\/li>\n<li>Geringer Treibstoffverbrauch<\/li>\n<li>Verbessert die Qualit\u00e4t Ihrer Produkte<\/li>\n<\/ul>\n<p><a class=\"fancybox\" href=\"http:\/\/www.officineforasacco.com\/wp-content\/uploads\/2014\/11\/grinder.jpg\"><img loading=\"lazy\" decoding=\"async\" class=\"aligncenter size-full wp-image-80\" src=\"http:\/\/www.officineforasacco.com\/wp-content\/uploads\/2014\/11\/grinder.jpg\" alt=\"grinder\" width=\"476\" height=\"328\" srcset=\"https:\/\/www.officineforasacco.com\/wp-content\/uploads\/2014\/11\/grinder.jpg 476w, https:\/\/www.officineforasacco.com\/wp-content\/uploads\/2014\/11\/grinder-217x150.jpg 217w\" sizes=\"auto, (max-width: 476px) 100vw, 476px\" \/><\/a><\/p>\n","protected":false},"excerpt":{"rendered":"<p>Konzipiert f\u00fcr das Zerkleinern von gebundenen Heu- und Strohballen. Der Grinder TL zerschreddert, mahlt und schneidet Rund- oder Quaderballen und bietet eine kompakte und \u00e4u\u00dferst flexible L\u00f6sung f\u00fcr landwirtschaftliche Betriebe, die eine Reduzierung der Betriebskosten anstreben. Der Grinder TL ist einfach zu handhaben, kompakt und an alle Teleskopfahrzeuge adaptierbar. GRINDER TL VORTEILE: Qualitativ hochwertig und [&hellip;]<\/p>\n","protected":false},"author":1,"featured_media":47,"parent":124,"menu_order":50,"comment_status":"closed","ping_status":"closed","template":"page-grinder.php","meta":{"_acf_changed":false,"inline_featured_image":false,"footnotes":""},"class_list":["post-195","page","type-page","status-publish","has-post-thumbnail","hentry"],"acf":[],"yoast_head":"<!-- This site is optimized with the Yoast SEO plugin v27.3 - https:\/\/yoast.com\/product\/yoast-seo-wordpress\/ -->\n<title>Ballenaufl\u00f6sern grinder tl -<\/title>\n<meta name=\"robots\" content=\"index, follow, max-snippet:-1, max-image-preview:large, max-video-preview:-1\" \/>\n<link rel=\"canonical\" href=\"https:\/\/www.officineforasacco.com\/de\/produzieren\/sfaldatore-trituratore-grinder-tl\/\" \/>\n<meta property=\"og:locale\" content=\"de_DE\" \/>\n<meta property=\"og:type\" content=\"article\" \/>\n<meta property=\"og:title\" content=\"Ballenaufl\u00f6sern grinder tl -\" \/>\n<meta property=\"og:description\" content=\"Konzipiert f\u00fcr das Zerkleinern von gebundenen Heu- und Strohballen. Der Grinder TL zerschreddert, mahlt und schneidet Rund- oder Quaderballen und bietet eine kompakte und \u00e4u\u00dferst flexible L\u00f6sung f\u00fcr landwirtschaftliche Betriebe, die eine Reduzierung der Betriebskosten anstreben. Der Grinder TL ist einfach zu handhaben, kompakt und an alle Teleskopfahrzeuge adaptierbar. GRINDER TL VORTEILE: Qualitativ hochwertig und [&hellip;]\" \/>\n<meta property=\"og:url\" content=\"https:\/\/www.officineforasacco.com\/de\/produzieren\/sfaldatore-trituratore-grinder-tl\/\" \/>\n<meta property=\"og:site_name\" content=\"Officine Forasacco\" \/>\n<meta property=\"article:modified_time\" content=\"2019-03-04T09:17:09+00:00\" \/>\n<script type=\"application\/ld+json\" class=\"yoast-schema-graph\">{\"@context\":\"https:\\\/\\\/schema.org\",\"@graph\":[{\"@type\":\"WebPage\",\"@id\":\"https:\\\/\\\/www.officineforasacco.com\\\/de\\\/produzieren\\\/sfaldatore-trituratore-grinder-tl\\\/\",\"url\":\"https:\\\/\\\/www.officineforasacco.com\\\/de\\\/produzieren\\\/sfaldatore-trituratore-grinder-tl\\\/\",\"name\":\"Ballenaufl\u00f6sern grinder tl -\",\"isPartOf\":{\"@id\":\"https:\\\/\\\/www.officineforasacco.com\\\/#website\"},\"primaryImageOfPage\":{\"@id\":\"https:\\\/\\\/www.officineforasacco.com\\\/de\\\/produzieren\\\/sfaldatore-trituratore-grinder-tl\\\/#primaryimage\"},\"image\":{\"@id\":\"https:\\\/\\\/www.officineforasacco.com\\\/de\\\/produzieren\\\/sfaldatore-trituratore-grinder-tl\\\/#primaryimage\"},\"thumbnailUrl\":\"https:\\\/\\\/www.officineforasacco.com\\\/wp-content\\\/uploads\\\/2014\\\/11\\\/grinder-tl.svg\",\"datePublished\":\"2014-11-10T16:06:44+00:00\",\"dateModified\":\"2019-03-04T09:17:09+00:00\",\"breadcrumb\":{\"@id\":\"https:\\\/\\\/www.officineforasacco.com\\\/de\\\/produzieren\\\/sfaldatore-trituratore-grinder-tl\\\/#breadcrumb\"},\"inLanguage\":\"de\",\"potentialAction\":[{\"@type\":\"ReadAction\",\"target\":[\"https:\\\/\\\/www.officineforasacco.com\\\/de\\\/produzieren\\\/sfaldatore-trituratore-grinder-tl\\\/\"]}]},{\"@type\":\"ImageObject\",\"inLanguage\":\"de\",\"@id\":\"https:\\\/\\\/www.officineforasacco.com\\\/de\\\/produzieren\\\/sfaldatore-trituratore-grinder-tl\\\/#primaryimage\",\"url\":\"https:\\\/\\\/www.officineforasacco.com\\\/wp-content\\\/uploads\\\/2014\\\/11\\\/grinder-tl.svg\",\"contentUrl\":\"https:\\\/\\\/www.officineforasacco.com\\\/wp-content\\\/uploads\\\/2014\\\/11\\\/grinder-tl.svg\",\"caption\":\"trituratore saldatore grinder tl - bale slicer\"},{\"@type\":\"BreadcrumbList\",\"@id\":\"https:\\\/\\\/www.officineforasacco.com\\\/de\\\/produzieren\\\/sfaldatore-trituratore-grinder-tl\\\/#breadcrumb\",\"itemListElement\":[{\"@type\":\"ListItem\",\"position\":1,\"name\":\"Home\",\"item\":\"https:\\\/\\\/www.officineforasacco.com\\\/de\\\/\"},{\"@type\":\"ListItem\",\"position\":2,\"name\":\"Produzieren\",\"item\":\"https:\\\/\\\/www.officineforasacco.com\\\/de\\\/produzieren\\\/\"},{\"@type\":\"ListItem\",\"position\":3,\"name\":\"Ballenaufl\u00f6sern grinder tl\"}]},{\"@type\":\"WebSite\",\"@id\":\"https:\\\/\\\/www.officineforasacco.com\\\/#website\",\"url\":\"https:\\\/\\\/www.officineforasacco.com\\\/\",\"name\":\"Officine Forasacco\",\"description\":\"\",\"potentialAction\":[{\"@type\":\"SearchAction\",\"target\":{\"@type\":\"EntryPoint\",\"urlTemplate\":\"https:\\\/\\\/www.officineforasacco.com\\\/?s={search_term_string}\"},\"query-input\":{\"@type\":\"PropertyValueSpecification\",\"valueRequired\":true,\"valueName\":\"search_term_string\"}}],\"inLanguage\":\"de\"}]}<\/script>\n<!-- \/ Yoast SEO plugin. -->","yoast_head_json":{"title":"Ballenaufl\u00f6sern grinder tl -","robots":{"index":"index","follow":"follow","max-snippet":"max-snippet:-1","max-image-preview":"max-image-preview:large","max-video-preview":"max-video-preview:-1"},"canonical":"https:\/\/www.officineforasacco.com\/de\/produzieren\/sfaldatore-trituratore-grinder-tl\/","og_locale":"de_DE","og_type":"article","og_title":"Ballenaufl\u00f6sern grinder tl -","og_description":"Konzipiert f\u00fcr das Zerkleinern von gebundenen Heu- und Strohballen. Der Grinder TL zerschreddert, mahlt und schneidet Rund- oder Quaderballen und bietet eine kompakte und \u00e4u\u00dferst flexible L\u00f6sung f\u00fcr landwirtschaftliche Betriebe, die eine Reduzierung der Betriebskosten anstreben. Der Grinder TL ist einfach zu handhaben, kompakt und an alle Teleskopfahrzeuge adaptierbar. GRINDER TL VORTEILE: Qualitativ hochwertig und [&hellip;]","og_url":"https:\/\/www.officineforasacco.com\/de\/produzieren\/sfaldatore-trituratore-grinder-tl\/","og_site_name":"Officine Forasacco","article_modified_time":"2019-03-04T09:17:09+00:00","schema":{"@context":"https:\/\/schema.org","@graph":[{"@type":"WebPage","@id":"https:\/\/www.officineforasacco.com\/de\/produzieren\/sfaldatore-trituratore-grinder-tl\/","url":"https:\/\/www.officineforasacco.com\/de\/produzieren\/sfaldatore-trituratore-grinder-tl\/","name":"Ballenaufl\u00f6sern grinder tl -","isPartOf":{"@id":"https:\/\/www.officineforasacco.com\/#website"},"primaryImageOfPage":{"@id":"https:\/\/www.officineforasacco.com\/de\/produzieren\/sfaldatore-trituratore-grinder-tl\/#primaryimage"},"image":{"@id":"https:\/\/www.officineforasacco.com\/de\/produzieren\/sfaldatore-trituratore-grinder-tl\/#primaryimage"},"thumbnailUrl":"https:\/\/www.officineforasacco.com\/wp-content\/uploads\/2014\/11\/grinder-tl.svg","datePublished":"2014-11-10T16:06:44+00:00","dateModified":"2019-03-04T09:17:09+00:00","breadcrumb":{"@id":"https:\/\/www.officineforasacco.com\/de\/produzieren\/sfaldatore-trituratore-grinder-tl\/#breadcrumb"},"inLanguage":"de","potentialAction":[{"@type":"ReadAction","target":["https:\/\/www.officineforasacco.com\/de\/produzieren\/sfaldatore-trituratore-grinder-tl\/"]}]},{"@type":"ImageObject","inLanguage":"de","@id":"https:\/\/www.officineforasacco.com\/de\/produzieren\/sfaldatore-trituratore-grinder-tl\/#primaryimage","url":"https:\/\/www.officineforasacco.com\/wp-content\/uploads\/2014\/11\/grinder-tl.svg","contentUrl":"https:\/\/www.officineforasacco.com\/wp-content\/uploads\/2014\/11\/grinder-tl.svg","caption":"trituratore saldatore grinder tl - bale slicer"},{"@type":"BreadcrumbList","@id":"https:\/\/www.officineforasacco.com\/de\/produzieren\/sfaldatore-trituratore-grinder-tl\/#breadcrumb","itemListElement":[{"@type":"ListItem","position":1,"name":"Home","item":"https:\/\/www.officineforasacco.com\/de\/"},{"@type":"ListItem","position":2,"name":"Produzieren","item":"https:\/\/www.officineforasacco.com\/de\/produzieren\/"},{"@type":"ListItem","position":3,"name":"Ballenaufl\u00f6sern grinder tl"}]},{"@type":"WebSite","@id":"https:\/\/www.officineforasacco.com\/#website","url":"https:\/\/www.officineforasacco.com\/","name":"Officine Forasacco","description":"","potentialAction":[{"@type":"SearchAction","target":{"@type":"EntryPoint","urlTemplate":"https:\/\/www.officineforasacco.com\/?s={search_term_string}"},"query-input":{"@type":"PropertyValueSpecification","valueRequired":true,"valueName":"search_term_string"}}],"inLanguage":"de"}]}},"_links":{"self":[{"href":"https:\/\/www.officineforasacco.com\/de\/wp-json\/wp\/v2\/pages\/195","targetHints":{"allow":["GET"]}}],"collection":[{"href":"https:\/\/www.officineforasacco.com\/de\/wp-json\/wp\/v2\/pages"}],"about":[{"href":"https:\/\/www.officineforasacco.com\/de\/wp-json\/wp\/v2\/types\/page"}],"author":[{"embeddable":true,"href":"https:\/\/www.officineforasacco.com\/de\/wp-json\/wp\/v2\/users\/1"}],"replies":[{"embeddable":true,"href":"https:\/\/www.officineforasacco.com\/de\/wp-json\/wp\/v2\/comments?post=195"}],"version-history":[{"count":16,"href":"https:\/\/www.officineforasacco.com\/de\/wp-json\/wp\/v2\/pages\/195\/revisions"}],"predecessor-version":[{"id":312,"href":"https:\/\/www.officineforasacco.com\/de\/wp-json\/wp\/v2\/pages\/195\/revisions\/312"}],"up":[{"embeddable":true,"href":"https:\/\/www.officineforasacco.com\/de\/wp-json\/wp\/v2\/pages\/124"}],"wp:featuredmedia":[{"embeddable":true,"href":"https:\/\/www.officineforasacco.com\/de\/wp-json\/wp\/v2\/media\/47"}],"wp:attachment":[{"href":"https:\/\/www.officineforasacco.com\/de\/wp-json\/wp\/v2\/media?parent=195"}],"curies":[{"name":"wp","href":"https:\/\/api.w.org\/{rel}","templated":true}]}}